{"id":1719,"date":"2022-02-05T03:46:17","date_gmt":"2022-02-05T03:46:17","guid":{"rendered":"https:\/\/accountingonegroup.com\/?page_id=1719"},"modified":"2022-02-14T18:46:31","modified_gmt":"2022-02-14T18:46:31","slug":"%ef%83%bcnew-business-incorporation","status":"publish","type":"page","link":"https:\/\/accountingonegroup.com\/es\/%ef%83%bcnew-business-incorporation\/","title":{"rendered":"Constituci\u00f3n de nuevas empresas"},"content":{"rendered":"<div data-elementor-type=\"wp-page\" data-elementor-id=\"1719\" class=\"elementor elementor-1719\">\n\t\t\t\t\t\t<section class=\"elementor-section elementor-top-section elementor-element elementor-element-51ac595 elementor-section-boxed elementor-section-height-default elementor-section-height-default\" data-id=\"51ac595\" data-element_type=\"section\" data-e-type=\"section\">\n\t\t\t\t\t\t<div class=\"elementor-container elementor-column-gap-default\">\n\t\t\t\t\t<div class=\"elementor-column elementor-col-100 elementor-top-column elementor-element elementor-element-96f0cba\" data-id=\"96f0cba\" data-element_type=\"column\" data-e-type=\"column\">\n\t\t\t<div class=\"elementor-widget-wrap elementor-element-populated\">\n\t\t\t\t\t\t<div class=\"elementor-element elementor-element-0e598d4 elementor-widget elementor-widget-spacer\" data-id=\"0e598d4\" data-element_type=\"widget\" data-e-type=\"widget\" data-widget_type=\"spacer.default\">\n\t\t\t\t<div class=\"elementor-widget-container\">\n\t\t\t\t\t\t\t<div class=\"elementor-spacer\">\n\t\t\t<div class=\"elementor-spacer-inner\"><\/div>\n\t\t<\/div>\n\t\t\t\t\t\t<\/div>\n\t\t\t\t<\/div>\n\t\t\t\t\t<\/div>\n\t\t<\/div>\n\t\t\t\t\t<\/div>\n\t\t<\/section>\n\t\t\t\t<section class=\"elementor-section elementor-top-section elementor-element elementor-element-cc5ebae elementor-section-full_width elementor-section-height-default elementor-section-height-default\" data-id=\"cc5ebae\" data-element_type=\"section\" data-e-type=\"section\">\n\t\t\t\t\t\t<div class=\"elementor-container elementor-column-gap-default\">\n\t\t\t\t\t<div class=\"elementor-column elementor-col-100 elementor-top-column elementor-element elementor-element-0cfd279\" data-id=\"0cfd279\" data-element_type=\"column\" data-e-type=\"column\">\n\t\t\t<div class=\"elementor-widget-wrap elementor-element-populated\">\n\t\t\t\t\t\t<div class=\"elementor-element elementor-element-084afe6 elementor-widget elementor-widget-image\" data-id=\"084afe6\" data-element_type=\"widget\" data-e-type=\"widget\" data-widget_type=\"image.default\">\n\t\t\t\t<div class=\"elementor-widget-container\">\n\t\t\t\t\t\t\t\t\t\t\t\t\t\t\t<img fetchpriority=\"high\" decoding=\"async\" width=\"1380\" height=\"417\" src=\"https:\/\/accountingonegroup.com\/wp-content\/uploads\/2022\/02\/nuevas-empresas.jpg\" class=\"attachment-2048x2048 size-2048x2048 wp-image-1881\" alt=\"\" srcset=\"https:\/\/accountingonegroup.com\/wp-content\/uploads\/2022\/02\/nuevas-empresas.jpg 1380w, https:\/\/accountingonegroup.com\/wp-content\/uploads\/2022\/02\/nuevas-empresas-300x91.jpg 300w, https:\/\/accountingonegroup.com\/wp-content\/uploads\/2022\/02\/nuevas-empresas-1024x309.jpg 1024w, https:\/\/accountingonegroup.com\/wp-content\/uploads\/2022\/02\/nuevas-empresas-768x232.jpg 768w\" sizes=\"(max-width: 1380px) 100vw, 1380px\" \/>\t\t\t\t\t\t\t\t\t\t\t\t\t\t\t<\/div>\n\t\t\t\t<\/div>\n\t\t\t\t\t<\/div>\n\t\t<\/div>\n\t\t\t\t\t<\/div>\n\t\t<\/section>\n\t\t\t\t<section class=\"elementor-section elementor-top-section elementor-element elementor-element-7a00783 elementor-section-boxed elementor-section-height-default elementor-section-height-default\" data-id=\"7a00783\" data-element_type=\"section\" data-e-type=\"section\">\n\t\t\t\t\t\t<div class=\"elementor-container elementor-column-gap-default\">\n\t\t\t\t\t<div class=\"elementor-column elementor-col-100 elementor-top-column elementor-element elementor-element-8db72a6\" data-id=\"8db72a6\" data-element_type=\"column\" data-e-type=\"column\">\n\t\t\t<div class=\"elementor-widget-wrap elementor-element-populated\">\n\t\t\t\t\t\t<div class=\"elementor-element elementor-element-75f2bb6 elementor-widget elementor-widget-spacer\" data-id=\"75f2bb6\" data-element_type=\"widget\" data-e-type=\"widget\" data-widget_type=\"spacer.default\">\n\t\t\t\t<div class=\"elementor-widget-container\">\n\t\t\t\t\t\t\t<div class=\"elementor-spacer\">\n\t\t\t<div class=\"elementor-spacer-inner\"><\/div>\n\t\t<\/div>\n\t\t\t\t\t\t<\/div>\n\t\t\t\t<\/div>\n\t\t\t\t\t<\/div>\n\t\t<\/div>\n\t\t\t\t\t<\/div>\n\t\t<\/section>\n\t\t\t\t<section class=\"elementor-section elementor-top-section elementor-element elementor-element-78d6428 elementor-section-boxed elementor-section-height-default elementor-section-height-default\" data-id=\"78d6428\" data-element_type=\"section\" data-e-type=\"section\">\n\t\t\t\t\t\t<div class=\"elementor-container elementor-column-gap-default\">\n\t\t\t\t\t<div class=\"elementor-column elementor-col-100 elementor-top-column elementor-element elementor-element-25767a5\" data-id=\"25767a5\" data-element_type=\"column\" data-e-type=\"column\">\n\t\t\t<div class=\"elementor-widget-wrap elementor-element-populated\">\n\t\t\t\t\t\t<div class=\"elementor-element elementor-element-43bc01d elementor-widget elementor-widget-heading\" data-id=\"43bc01d\" data-element_type=\"widget\" data-e-type=\"widget\" data-widget_type=\"heading.default\">\n\t\t\t\t<div class=\"elementor-widget-container\">\n\t\t\t\t\t<h3 class=\"elementor-heading-title elementor-size-default\">Constituci\u00f3n de nuevas empresas<\/h3>\t\t\t\t<\/div>\n\t\t\t\t<\/div>\n\t\t\t\t\t<\/div>\n\t\t<\/div>\n\t\t\t\t\t<\/div>\n\t\t<\/section>\n\t\t\t\t<section class=\"elementor-section elementor-top-section elementor-element elementor-element-45442a5 elementor-section-boxed elementor-section-height-default elementor-section-height-default\" data-id=\"45442a5\" data-element_type=\"section\" data-e-type=\"section\">\n\t\t\t\t\t\t<div class=\"elementor-container elementor-column-gap-default\">\n\t\t\t\t\t<div class=\"elementor-column elementor-col-100 elementor-top-column elementor-element elementor-element-6b567ad\" data-id=\"6b567ad\" data-element_type=\"column\" data-e-type=\"column\">\n\t\t\t<div class=\"elementor-widget-wrap elementor-element-populated\">\n\t\t\t\t\t\t<div class=\"elementor-element elementor-element-c02181e elementor-widget elementor-widget-text-editor\" data-id=\"c02181e\" data-element_type=\"widget\" data-e-type=\"widget\" data-widget_type=\"text-editor.default\">\n\t\t\t\t<div class=\"elementor-widget-container\">\n\t\t\t\t\t\t\t\t\t<p><strong>Las sociedades an\u00f3nimas se diferencian de las unipersonales en muchos aspectos. Estudiaremos su modelo de negocio, sugiri\u00e9ndole el mejor resultado posible, ahorr\u00e1ndole tiempo y dinero al evitar costosos errores. Tambi\u00e9n, incorporaremos su negocio con la Divisi\u00f3n de Corporaciones de Florida, y, solicitaremos el n\u00famero de identificaci\u00f3n de empleador con el IRS.<\/strong><\/p><p><strong>Deje que nos encarguemos de la puesta en marcha de su empresa<\/strong><\/p><p><strong>\u00a0<\/strong><\/p>\t\t\t\t\t\t\t\t<\/div>\n\t\t\t\t<\/div>\n\t\t\t\t\t<\/div>\n\t\t<\/div>\n\t\t\t\t\t<\/div>\n\t\t<\/section>\n\t\t\t\t<section class=\"elementor-section elementor-top-section elementor-element elementor-element-2d388ca elementor-section-boxed elementor-section-height-default elementor-section-height-default\" data-id=\"2d388ca\" data-element_type=\"section\" data-e-type=\"section\" data-settings=\"{&quot;background_background&quot;:&quot;classic&quot;}\">\n\t\t\t\t\t\t<div class=\"elementor-container elementor-column-gap-default\">\n\t\t\t\t\t<div class=\"elementor-column elementor-col-100 elementor-top-column elementor-element elementor-element-f45bd8e\" data-id=\"f45bd8e\" data-element_type=\"column\" data-e-type=\"column\">\n\t\t\t<div class=\"elementor-widget-wrap elementor-element-populated\">\n\t\t\t\t\t\t<div class=\"elementor-element elementor-element-d2b39cc elementor-widget elementor-widget-spacer\" data-id=\"d2b39cc\" data-element_type=\"widget\" data-e-type=\"widget\" data-widget_type=\"spacer.default\">\n\t\t\t\t<div class=\"elementor-widget-container\">\n\t\t\t\t\t\t\t<div class=\"elementor-spacer\">\n\t\t\t<div class=\"elementor-spacer-inner\"><\/div>\n\t\t<\/div>\n\t\t\t\t\t\t<\/div>\n\t\t\t\t<\/div>\n\t\t\t\t<div class=\"elementor-element elementor-element-b37166b elementor-widget elementor-widget-heading\" data-id=\"b37166b\" data-element_type=\"widget\" data-e-type=\"widget\" data-widget_type=\"heading.default\">\n\t\t\t\t<div class=\"elementor-widget-container\">\n\t\t\t\t\t<h3 class=\"elementor-heading-title elementor-size-default\">Nuestro equipo est\u00e1 listo para ayudarle<\/h3>\t\t\t\t<\/div>\n\t\t\t\t<\/div>\n\t\t\t\t<div class=\"elementor-element elementor-element-662ba3d elementor-align-center elementor-widget elementor-widget-button\" data-id=\"662ba3d\" data-element_type=\"widget\" data-e-type=\"widget\" data-widget_type=\"button.default\">\n\t\t\t\t<div class=\"elementor-widget-container\">\n\t\t\t\t\t\t\t\t\t<div class=\"elementor-button-wrapper\">\n\t\t\t\t\t<a class=\"elementor-button elementor-button-link elementor-size-md\" href=\"https:\/\/accountingonegroup.com\/es\/contact\/\">\n\t\t\t\t\t\t<span class=\"elementor-button-content-wrapper\">\n\t\t\t\t\t\t\t\t\t<span class=\"elementor-button-text\">Contacte con nosotros<\/span>\n\t\t\t\t\t<\/span>\n\t\t\t\t\t<\/a>\n\t\t\t\t<\/div>\n\t\t\t\t\t\t\t\t<\/div>\n\t\t\t\t<\/div>\n\t\t\t\t<div class=\"elementor-element elementor-element-fc60ada elementor-widget elementor-widget-spacer\" data-id=\"fc60ada\" data-element_type=\"widget\" data-e-type=\"widget\" data-widget_type=\"spacer.default\">\n\t\t\t\t<div class=\"elementor-widget-container\">\n\t\t\t\t\t\t\t<div class=\"elementor-spacer\">\n\t\t\t<div class=\"elementor-spacer-inner\"><\/div>\n\t\t<\/div>\n\t\t\t\t\t\t<\/div>\n\t\t\t\t<\/div>\n\t\t\t\t\t<\/div>\n\t\t<\/div>\n\t\t\t\t\t<\/div>\n\t\t<\/section>\n\t\t\t\t<section class=\"elementor-section elementor-top-section elementor-element elementor-element-bd09a3b elementor-section-boxed elementor-section-height-default elementor-section-height-default\" data-id=\"bd09a3b\" data-element_type=\"section\" data-e-type=\"section\">\n\t\t\t\t\t\t<div class=\"elementor-container elementor-column-gap-default\">\n\t\t\t\t\t<div class=\"elementor-column elementor-col-100 elementor-top-column elementor-element elementor-element-6c633d4\" data-id=\"6c633d4\" data-element_type=\"column\" data-e-type=\"column\">\n\t\t\t<div class=\"elementor-widget-wrap elementor-element-populated\">\n\t\t\t\t\t\t<div class=\"elementor-element elementor-element-c597368 elementor-widget elementor-widget-spacer\" data-id=\"c597368\" data-element_type=\"widget\" data-e-type=\"widget\" data-widget_type=\"spacer.default\">\n\t\t\t\t<div class=\"elementor-widget-container\">\n\t\t\t\t\t\t\t<div class=\"elementor-spacer\">\n\t\t\t<div class=\"elementor-spacer-inner\"><\/div>\n\t\t<\/div>\n\t\t\t\t\t\t<\/div>\n\t\t\t\t<\/div>\n\t\t\t\t\t<\/div>\n\t\t<\/div>\n\t\t\t\t\t<\/div>\n\t\t<\/section>\n\t\t\t\t<\/div>","protected":false},"excerpt":{"rendered":"<p>New Business Incorporation Incorporated businesses, also called corporations, are distinct from sole proprietor-ships and partnerships in many ways. We will study your business model, suggesting the best outcome possible, saving you time and money by avoiding costly errors. Also, we will incorporate your business with the Florida Division of Corporations, and, will apply for the [&hellip;]<\/p>\n","protected":false},"author":1,"featured_media":0,"parent":0,"menu_order":0,"comment_status":"closed","ping_status":"closed","template":"","meta":{"site-sidebar-layout":"no-sidebar","site-content-layout":"page-builder","ast-site-content-layout":"default","site-content-style":"default","site-sidebar-style":"default","ast-global-header-display":"","ast-banner-title-visibility":"","ast-main-header-display":"","ast-hfb-above-header-display":"","ast-hfb-below-header-display":"","ast-hfb-mobile-header-display":"","site-post-title":"disabled","ast-breadcrumbs-content":"","ast-featured-img":"disabled","footer-sml-layout":"","ast-disable-related-posts":"","theme-transparent-header-meta":"","adv-header-id-meta":"","stick-header-meta":"","header-above-stick-meta":"","header-main-stick-meta":"","header-below-stick-meta":"","astra-migrate-meta-layouts":"default","ast-page-background-enabled":"default","ast-page-background-meta":{"desktop":{"background-color":"","background-image":"","background-repeat":"repeat","background-position":"center center","background-size":"auto","background-attachment":"scroll","background-type":"","background-media":"","overlay-type":"","overlay-color":"","overlay-opacity":"","overlay-gradient":""},"tablet":{"background-color":"","background-image":"","background-repeat":"repeat","background-position":"center center","background-size":"auto","background-attachment":"scroll","background-type":"","background-media":"","overlay-type":"","overlay-color":"","overlay-opacity":"","overlay-gradient":""},"mobile":{"background-color":"","background-image":"","background-repeat":"repeat","background-position":"center center","background-size":"auto","background-attachment":"scroll","background-type":"","background-media":"","overlay-type":"","overlay-color":"","overlay-opacity":"","overlay-gradient":""}},"ast-content-background-meta":{"desktop":{"background-color":"var(--ast-global-color-5)","background-image":"","background-repeat":"repeat","background-position":"center center","background-size":"auto","background-attachment":"scroll","background-type":"","background-media":"","overlay-type":"","overlay-color":"","overlay-opacity":"","overlay-gradient":""},"tablet":{"background-color":"var(--ast-global-color-5)","background-image":"","background-repeat":"repeat","background-position":"center center","background-size":"auto","background-attachment":"scroll","background-type":"","background-media":"","overlay-type":"","overlay-color":"","overlay-opacity":"","overlay-gradient":""},"mobile":{"background-color":"var(--ast-global-color-5)","background-image":"","background-repeat":"repeat","background-position":"center center","background-size":"auto","background-attachment":"scroll","background-type":"","background-media":"","overlay-type":"","overlay-color":"","overlay-opacity":"","overlay-gradient":""}},"_joinchat":[],"footnotes":""},"class_list":["post-1719","page","type-page","status-publish","hentry"],"yoast_head":"<!-- This site is optimized with the Yoast SEO plugin v27.5 - https:\/\/yoast.com\/product\/yoast-seo-wordpress\/ -->\n<title>\uf0fc New Business Incorporation * accountingonegroup<\/title>\n<meta name=\"robots\" content=\"index, follow, max-snippet:-1, max-image-preview:large, max-video-preview:-1\" \/>\n<link rel=\"canonical\" href=\"https:\/\/accountingonegroup.com\/es\/\uf0fcnew-business-incorporation\/\" \/>\n<meta property=\"og:locale\" content=\"es_MX\" \/>\n<meta property=\"og:type\" content=\"article\" \/>\n<meta property=\"og:title\" content=\"\uf0fc New Business Incorporation * accountingonegroup\" \/>\n<meta property=\"og:description\" content=\"New Business Incorporation Incorporated businesses, also called corporations, are distinct from sole proprietor-ships and partnerships in many ways. We will study your business model, suggesting the best outcome possible, saving you time and money by avoiding costly errors. Also, we will incorporate your business with the Florida Division of Corporations, and, will apply for the [&hellip;]\" \/>\n<meta property=\"og:url\" content=\"https:\/\/accountingonegroup.com\/es\/\uf0fcnew-business-incorporation\/\" \/>\n<meta property=\"og:site_name\" content=\"accountingonegroup\" \/>\n<meta property=\"article:modified_time\" content=\"2022-02-14T18:46:31+00:00\" \/>\n<meta property=\"og:image\" content=\"https:\/\/accountingonegroup.com\/wp-content\/uploads\/2022\/02\/nuevas-empresas.jpg\" \/>\n<meta name=\"twitter:card\" content=\"summary_large_image\" \/>\n<script type=\"application\/ld+json\" class=\"yoast-schema-graph\">{\"@context\":\"https:\\\/\\\/schema.org\",\"@graph\":[{\"@type\":\"WebPage\",\"@id\":\"https:\\\/\\\/accountingonegroup.com\\\/%ef%83%bcnew-business-incorporation\\\/\",\"url\":\"https:\\\/\\\/accountingonegroup.com\\\/%ef%83%bcnew-business-incorporation\\\/\",\"name\":\"\uf0fc New Business Incorporation * accountingonegroup\",\"isPartOf\":{\"@id\":\"https:\\\/\\\/accountingonegroup.com\\\/#website\"},\"primaryImageOfPage\":{\"@id\":\"https:\\\/\\\/accountingonegroup.com\\\/%ef%83%bcnew-business-incorporation\\\/#primaryimage\"},\"image\":{\"@id\":\"https:\\\/\\\/accountingonegroup.com\\\/%ef%83%bcnew-business-incorporation\\\/#primaryimage\"},\"thumbnailUrl\":\"https:\\\/\\\/accountingonegroup.com\\\/wp-content\\\/uploads\\\/2022\\\/02\\\/nuevas-empresas.jpg\",\"datePublished\":\"2022-02-05T03:46:17+00:00\",\"dateModified\":\"2022-02-14T18:46:31+00:00\",\"breadcrumb\":{\"@id\":\"https:\\\/\\\/accountingonegroup.com\\\/%ef%83%bcnew-business-incorporation\\\/#breadcrumb\"},\"inLanguage\":\"es\",\"potentialAction\":[{\"@type\":\"ReadAction\",\"target\":[\"https:\\\/\\\/accountingonegroup.com\\\/%ef%83%bcnew-business-incorporation\\\/\"]}]},{\"@type\":\"ImageObject\",\"inLanguage\":\"es\",\"@id\":\"https:\\\/\\\/accountingonegroup.com\\\/%ef%83%bcnew-business-incorporation\\\/#primaryimage\",\"url\":\"https:\\\/\\\/accountingonegroup.com\\\/wp-content\\\/uploads\\\/2022\\\/02\\\/nuevas-empresas.jpg\",\"contentUrl\":\"https:\\\/\\\/accountingonegroup.com\\\/wp-content\\\/uploads\\\/2022\\\/02\\\/nuevas-empresas.jpg\"},{\"@type\":\"BreadcrumbList\",\"@id\":\"https:\\\/\\\/accountingonegroup.com\\\/%ef%83%bcnew-business-incorporation\\\/#breadcrumb\",\"itemListElement\":[{\"@type\":\"ListItem\",\"position\":1,\"name\":\"Home\",\"item\":\"https:\\\/\\\/accountingonegroup.com\\\/\"},{\"@type\":\"ListItem\",\"position\":2,\"name\":\"\uf0fc New Business Incorporation\"}]},{\"@type\":\"WebSite\",\"@id\":\"https:\\\/\\\/accountingonegroup.com\\\/#website\",\"url\":\"https:\\\/\\\/accountingonegroup.com\\\/\",\"name\":\"accountingonegroup\",\"description\":\"accounting\",\"publisher\":{\"@id\":\"https:\\\/\\\/accountingonegroup.com\\\/#organization\"},\"potentialAction\":[{\"@type\":\"SearchAction\",\"target\":{\"@type\":\"EntryPoint\",\"urlTemplate\":\"https:\\\/\\\/accountingonegroup.com\\\/?s={search_term_string}\"},\"query-input\":{\"@type\":\"PropertyValueSpecification\",\"valueRequired\":true,\"valueName\":\"search_term_string\"}}],\"inLanguage\":\"es\"},{\"@type\":\"Organization\",\"@id\":\"https:\\\/\\\/accountingonegroup.com\\\/#organization\",\"name\":\"Accounting One Group\",\"url\":\"https:\\\/\\\/accountingonegroup.com\\\/\",\"logo\":{\"@type\":\"ImageObject\",\"inLanguage\":\"es\",\"@id\":\"https:\\\/\\\/accountingonegroup.com\\\/#\\\/schema\\\/logo\\\/image\\\/\",\"url\":\"https:\\\/\\\/accountingonegroup.com\\\/wp-content\\\/uploads\\\/2022\\\/02\\\/cropped-logo-nuevo-png.png\",\"contentUrl\":\"https:\\\/\\\/accountingonegroup.com\\\/wp-content\\\/uploads\\\/2022\\\/02\\\/cropped-logo-nuevo-png.png\",\"width\":3487,\"height\":2249,\"caption\":\"Accounting One Group\"},\"image\":{\"@id\":\"https:\\\/\\\/accountingonegroup.com\\\/#\\\/schema\\\/logo\\\/image\\\/\"},\"sameAs\":[\"https:\\\/\\\/www.instagram.com\\\/accountingonegroupmiami\\\/\"]}]}<\/script>\n<!-- \/ Yoast SEO plugin. -->","yoast_head_json":{"title":"\uf0fc New Business Incorporation * accountingonegroup","robots":{"index":"index","follow":"follow","max-snippet":"max-snippet:-1","max-image-preview":"max-image-preview:large","max-video-preview":"max-video-preview:-1"},"canonical":"https:\/\/accountingonegroup.com\/es\/\uf0fcnew-business-incorporation\/","og_locale":"es_MX","og_type":"article","og_title":"\uf0fc New Business Incorporation * accountingonegroup","og_description":"New Business Incorporation Incorporated businesses, also called corporations, are distinct from sole proprietor-ships and partnerships in many ways. We will study your business model, suggesting the best outcome possible, saving you time and money by avoiding costly errors. Also, we will incorporate your business with the Florida Division of Corporations, and, will apply for the [&hellip;]","og_url":"https:\/\/accountingonegroup.com\/es\/\uf0fcnew-business-incorporation\/","og_site_name":"accountingonegroup","article_modified_time":"2022-02-14T18:46:31+00:00","og_image":[{"url":"https:\/\/accountingonegroup.com\/wp-content\/uploads\/2022\/02\/nuevas-empresas.jpg","type":"","width":"","height":""}],"twitter_card":"summary_large_image","schema":{"@context":"https:\/\/schema.org","@graph":[{"@type":"WebPage","@id":"https:\/\/accountingonegroup.com\/%ef%83%bcnew-business-incorporation\/","url":"https:\/\/accountingonegroup.com\/%ef%83%bcnew-business-incorporation\/","name":"\uf0fc New Business Incorporation * accountingonegroup","isPartOf":{"@id":"https:\/\/accountingonegroup.com\/#website"},"primaryImageOfPage":{"@id":"https:\/\/accountingonegroup.com\/%ef%83%bcnew-business-incorporation\/#primaryimage"},"image":{"@id":"https:\/\/accountingonegroup.com\/%ef%83%bcnew-business-incorporation\/#primaryimage"},"thumbnailUrl":"https:\/\/accountingonegroup.com\/wp-content\/uploads\/2022\/02\/nuevas-empresas.jpg","datePublished":"2022-02-05T03:46:17+00:00","dateModified":"2022-02-14T18:46:31+00:00","breadcrumb":{"@id":"https:\/\/accountingonegroup.com\/%ef%83%bcnew-business-incorporation\/#breadcrumb"},"inLanguage":"es","potentialAction":[{"@type":"ReadAction","target":["https:\/\/accountingonegroup.com\/%ef%83%bcnew-business-incorporation\/"]}]},{"@type":"ImageObject","inLanguage":"es","@id":"https:\/\/accountingonegroup.com\/%ef%83%bcnew-business-incorporation\/#primaryimage","url":"https:\/\/accountingonegroup.com\/wp-content\/uploads\/2022\/02\/nuevas-empresas.jpg","contentUrl":"https:\/\/accountingonegroup.com\/wp-content\/uploads\/2022\/02\/nuevas-empresas.jpg"},{"@type":"BreadcrumbList","@id":"https:\/\/accountingonegroup.com\/%ef%83%bcnew-business-incorporation\/#breadcrumb","itemListElement":[{"@type":"ListItem","position":1,"name":"Home","item":"https:\/\/accountingonegroup.com\/"},{"@type":"ListItem","position":2,"name":"\uf0fc New Business Incorporation"}]},{"@type":"WebSite","@id":"https:\/\/accountingonegroup.com\/#website","url":"https:\/\/accountingonegroup.com\/","name":"accountingonegroup","description":"accounting","publisher":{"@id":"https:\/\/accountingonegroup.com\/#organization"},"potentialAction":[{"@type":"SearchAction","target":{"@type":"EntryPoint","urlTemplate":"https:\/\/accountingonegroup.com\/?s={search_term_string}"},"query-input":{"@type":"PropertyValueSpecification","valueRequired":true,"valueName":"search_term_string"}}],"inLanguage":"es"},{"@type":"Organization","@id":"https:\/\/accountingonegroup.com\/#organization","name":"Accounting One Group","url":"https:\/\/accountingonegroup.com\/","logo":{"@type":"ImageObject","inLanguage":"es","@id":"https:\/\/accountingonegroup.com\/#\/schema\/logo\/image\/","url":"https:\/\/accountingonegroup.com\/wp-content\/uploads\/2022\/02\/cropped-logo-nuevo-png.png","contentUrl":"https:\/\/accountingonegroup.com\/wp-content\/uploads\/2022\/02\/cropped-logo-nuevo-png.png","width":3487,"height":2249,"caption":"Accounting One Group"},"image":{"@id":"https:\/\/accountingonegroup.com\/#\/schema\/logo\/image\/"},"sameAs":["https:\/\/www.instagram.com\/accountingonegroupmiami\/"]}]}},"_links":{"self":[{"href":"https:\/\/accountingonegroup.com\/es\/wp-json\/wp\/v2\/pages\/1719","targetHints":{"allow":["GET"]}}],"collection":[{"href":"https:\/\/accountingonegroup.com\/es\/wp-json\/wp\/v2\/pages"}],"about":[{"href":"https:\/\/accountingonegroup.com\/es\/wp-json\/wp\/v2\/types\/page"}],"author":[{"embeddable":true,"href":"https:\/\/accountingonegroup.com\/es\/wp-json\/wp\/v2\/users\/1"}],"replies":[{"embeddable":true,"href":"https:\/\/accountingonegroup.com\/es\/wp-json\/wp\/v2\/comments?post=1719"}],"version-history":[{"count":7,"href":"https:\/\/accountingonegroup.com\/es\/wp-json\/wp\/v2\/pages\/1719\/revisions"}],"predecessor-version":[{"id":2070,"href":"https:\/\/accountingonegroup.com\/es\/wp-json\/wp\/v2\/pages\/1719\/revisions\/2070"}],"wp:attachment":[{"href":"https:\/\/accountingonegroup.com\/es\/wp-json\/wp\/v2\/media?parent=1719"}],"curies":[{"name":"wp","href":"https:\/\/api.w.org\/{rel}","templated":true}]}}